{"id":2255,"date":"2023-07-06T23:44:26","date_gmt":"2023-07-06T23:44:26","guid":{"rendered":"https:\/\/hotel-pyrenees.net\/?page_id=2255"},"modified":"2023-07-18T13:59:19","modified_gmt":"2023-07-18T13:59:19","slug":"legal-notice","status":"publish","type":"page","link":"https:\/\/hotel-pyrenees.net\/?page_id=2255","title":{"rendered":"Legal Notice"},"content":{"rendered":"\t\t<div data-elementor-type=\"wp-page\" data-elementor-id=\"2255\" class=\"elementor elementor-2255\" data-elementor-post-type=\"page\">\n\t\t\t\t\t\t<section class=\"elementor-section elementor-top-section elementor-element elementor-element-5cd44b4e elementor-section-boxed elementor-section-height-default elementor-section-height-default\" data-id=\"5cd44b4e\" data-element_type=\"section\" data-e-type=\"section\">\n\t\t\t\t\t\t<div class=\"elementor-container elementor-column-gap-default\">\n\t\t\t\t\t<div class=\"elementor-column elementor-col-100 elementor-top-column elementor-element elementor-element-35f49b16\" data-id=\"35f49b16\" data-element_type=\"column\" data-e-type=\"column\">\n\t\t\t<div class=\"elementor-widget-wrap elementor-element-populated\">\n\t\t\t\t\t\t<div class=\"elementor-element elementor-element-34f4cc06 elementor-widget elementor-widget-text-editor\" data-id=\"34f4cc06\" data-element_type=\"widget\" data-e-type=\"widget\" data-widget_type=\"text-editor.default\">\n\t\t\t\t<div class=\"elementor-widget-container\">\n\t\t\t\t\t\t\t\t\t\n<h4 class=\"wp-block-heading\"><strong>H\u00f4tel des Pyr\u00e9n\u00e9es<\/strong><\/h4>\n\n<blockquote class=\"wp-block-quote is-layout-flow wp-block-quote-is-layout-flow\">\n<p><strong>URL\u00a0:<\/strong> <a href=\"https:\/\/www.hotel-pyrenees.net\/\">https:\/\/www.hotel-pyrenees.net<\/a><\/p>\n\n<p><strong>Company Name :<\/strong><strong>\u00a0<\/strong>SAS H\u00f4tel des Pyr\u00e9n\u00e9es<\/p>\n\n<p><strong>Adress : <\/strong>204 rue du Faubourg Saint-Antoine &#8211; 75012 Paris<\/p>\n\n<p><strong>Email :<\/strong>\u00a0\u00a0 <a href=\"mailto:contact@hotel-pyrenees.net\">contact@hotel-pyrenees.net<\/a><\/p>\n\n<p><strong>Phone :<\/strong>\u00a0 01 43 72 07 46<\/p>\n\n<p><strong>Fax\u00a0:<\/strong> 01 43 72 98 45<\/p>\n\n<p><strong>Share capital \u00a0:<\/strong>\u00a0 3 263,94 \u20ac<\/p>\n\n<p><strong>Code APE\u00a0: <\/strong>5510 Z<\/p>\n\n<p><strong>Commercial register number :<\/strong>\u00a0 Paris 423 892 512<\/p>\n\n<p><strong>VAT\u00a0identification\u00a0number\u00a0<\/strong><strong> :\u00a0<\/strong> FR 79 423 892 512<\/p>\n\n<p><strong>Siret number :<\/strong>\u00a0423 892 512 00017<\/p>\n<\/blockquote>\n\n<h4 class=\"wp-block-heading\"><strong>Website creation<\/strong><strong> :<\/strong><\/h4>\n\n<blockquote class=\"wp-block-quote is-layout-flow wp-block-quote-is-layout-flow\">\n<p><strong>The website is created by : <\/strong>OPTIMUM<\/p>\n\n<p><strong>Phone :<\/strong> +33 (0) 6 03 68 42 41<\/p>\n\n<p><strong>Adress :<\/strong> 11, rue Charbonnel 75013 Paris<br \/><br \/><strong>SIRET :<\/strong> 921 616 371 00016<\/p>\n\n<p><strong>Publication director :<\/strong> Fazia GRAINE<\/p>\n\n<p><strong>Photo &amp; video credits : <\/strong>Depositphotos<\/p>\n\n<p>\u00a0<\/p>\n\n<p><strong>Hosting : OVH<\/strong><\/p>\n<p><strong>Phone :<\/strong> 0899 701 761<br \/><strong>Adress :<\/strong> 140 Quai du Sartel \u2013 59100 Roubaix<br \/>Soci\u00e9t\u00e9 \u00e0 Responsabilit\u00e9 Limit\u00e9e (SARL)<br \/><strong>SIRET :<\/strong> 424 761 419 00011<\/p>\n<p><\/p>\n<p>\u00a0<\/p>\n<p><\/p>\n<\/blockquote>\n\n<h4 class=\"wp-block-heading\"><strong>Intellectual Property<\/strong><strong> :<\/strong><\/h4>\n\n<blockquote class=\"wp-block-quote is-layout-flow wp-block-quote-is-layout-flow\">\n<p>All content presented on this website, including but not limited to text, graphics, logos, images, videos, and audio files, is the exclusive property of H\u00f4tel des Pyr\u00e9n\u00e9es. Any reproduction, distribution, modification, or use of this content without prior written authorization is strictly prohibited.<\/p>\n<\/blockquote>\n\n<h4 class=\"wp-block-heading\"><strong>Protection of personal Data<\/strong><strong>\u00a0:<\/strong><\/h4>\n\n<blockquote class=\"wp-block-quote is-layout-flow wp-block-quote-is-layout-flow\">\n<p>The personal information collected on this website is intended for H\u00f4tel des Pyr\u00e9n\u00e9es and is used for the purpose of managing reservations and communicating with customers. In accordance with current regulations on the protection of personal data, you have the right to access, rectify, delete, and transfer your data. You can exercise these rights by contacting us at the following address\u00a0: <a href=\"mailto:contact@hotel-pyrenees.net\">contact@hotel-pyrenees.net<\/a><\/p>\n<\/blockquote>\n\n<h4 class=\"wp-block-heading\"><strong>Cookies :<\/strong><\/h4>\n\n<blockquote class=\"wp-block-quote is-layout-flow wp-block-quote-is-layout-flow\">\n<p>This website uses cookies to improve your browsing experience. Cookies are small text files that are stored on your device when you visit a website. You can configure your browser to refuse cookies or to be notified when cookies are sent.<\/p>\n<\/blockquote>\n\n<h4 class=\"wp-block-heading\"><strong>Applicable Law and Juridiction <\/strong><strong>:<\/strong><\/h4>\n\n<blockquote class=\"wp-block-quote is-layout-flow wp-block-quote-is-layout-flow\">\n<p>These legal notices are governed by French law. In the event of a dispute, French courts shall have exclusive jurisdiction.<\/p>\n<\/blockquote>\n\n<h4 class=\"wp-block-heading\"><strong>Link to the Online Dispute Resolution Platform<\/strong><strong>\u00a0:<\/strong><\/h4>\n\n<blockquote class=\"is-layout-flow wp-block-quote-is-layout-flow\">\n<p>We care about the satisfaction of our customers and are committed to resolving any dispute in a fair and amicable manner. If you encounter a problem or disagreement regarding our products or services, we encourage you to use the consumer dispute resolution platform via the following link\u00a0:<\/p>\n\n<p><a href=\"https:\/\/ec.europa.eu\/consumers\/odr\/main\/index.cfm?event=main.home2.show&amp;lng=EN\">https:\/\/ec.europa.eu\/consumers\/odr\/main\/index.cfm?event=main.home2.show&amp;lng=EN<\/a><\/p>\n<\/blockquote>\n\n<h4 class=\"wp-block-heading\"><strong>Consumer Mediator :<\/strong><\/h4>\n<p><\/p>\n<blockquote class=\"is-layout-flow wp-block-quote-is-layout-flow\">\n<p>In the event of a dispute, you can contact the association :<\/p>\n<p><strong>M\u00e9diation Tourisme et Voyage\u00a0<\/strong><\/p>\n<p>15 avenue Carnot &#8211; 75017 Paris<\/p>\n<p>Phone : 0142679668<\/p>\n\n<p><a href=\"http:\/\/www.mtv.travel\">www.mtv.travel<\/a><\/p>\n<\/blockquote>\n<p><\/p>\n<h4 class=\"wp-block-heading\"><strong>Right of Withdrawal for Services Offered :<\/strong><\/h4>\n\n<blockquote class=\"is-layout-flow wp-block-quote-is-layout-flow\">\n<p>Please note that users of the website cannot exercise their right of withdrawal for the services offered.<\/p>\n<\/blockquote>\n\n<h4 class=\"wp-block-heading\"><strong>Bloctel Divice :<\/strong><\/h4>\n\n<blockquote class=\"is-layout-flow wp-block-quote-is-layout-flow\">\n<p>This website complies with current regulations regarding the protection of personal data and the Bloctel device. In accordance with the French law for confidence in the digital economy (LCEN) and applicable regulations, we would like to inform our users that this website adheres to the rules concerning telephone solicitation. We encourage our visitors to register on the Bloctel device, a free service that limits unsolicited commercial calls. For more information about the Bloctel device, please consult the official Bloctel website (<a href=\"http:\/\/www.bloctel.gouv.fr\/\" target=\"_new\" rel=\"noopener\">www.bloctel.gouv.fr<\/a>). We are committed to respecting the rights of consumers registered on Bloctel and not contacting them for commercial prospecting purposes, unless they have given their prior consent.\u00a0\u00bb<\/p>\n<\/blockquote>\n\t\t\t\t\t\t\t\t<\/div>\n\t\t\t\t<\/div>\n\t\t\t\t\t<\/div>\n\t\t<\/div>\n\t\t\t\t\t<\/div>\n\t\t<\/section>\n\t\t\t\t<\/div>\n\t\t","protected":false},"excerpt":{"rendered":"<p>H\u00f4tel des Pyr\u00e9n\u00e9es URL\u00a0: https:\/\/www.hotel-pyrenees.net Company Name :\u00a0SAS H\u00f4tel des Pyr\u00e9n\u00e9es Adress : 204 rue du Faubourg Saint-Antoine &#8211; 75012 Paris Email :\u00a0\u00a0 contact@hotel-pyrenees.net Phone :\u00a0 01 43 72 07 46 Fax\u00a0: 01 43 72 98 45 Share capital \u00a0:\u00a0 3 263,94 \u20ac Code APE\u00a0: 5510 Z Commercial register number :\u00a0 Paris 423 892 512 [&hellip;]<\/p>\n","protected":false},"author":1,"featured_media":0,"parent":0,"menu_order":0,"comment_status":"closed","ping_status":"open","template":"","meta":{"footnotes":""},"class_list":["post-2255","page","type-page","status-publish","hentry"],"_links":{"self":[{"href":"https:\/\/hotel-pyrenees.net\/index.php?rest_route=\/wp\/v2\/pages\/2255","targetHints":{"allow":["GET"]}}],"collection":[{"href":"https:\/\/hotel-pyrenees.net\/index.php?rest_route=\/wp\/v2\/pages"}],"about":[{"href":"https:\/\/hotel-pyrenees.net\/index.php?rest_route=\/wp\/v2\/types\/page"}],"author":[{"embeddable":true,"href":"https:\/\/hotel-pyrenees.net\/index.php?rest_route=\/wp\/v2\/users\/1"}],"replies":[{"embeddable":true,"href":"https:\/\/hotel-pyrenees.net\/index.php?rest_route=%2Fwp%2Fv2%2Fcomments&post=2255"}],"version-history":[{"count":24,"href":"https:\/\/hotel-pyrenees.net\/index.php?rest_route=\/wp\/v2\/pages\/2255\/revisions"}],"predecessor-version":[{"id":2552,"href":"https:\/\/hotel-pyrenees.net\/index.php?rest_route=\/wp\/v2\/pages\/2255\/revisions\/2552"}],"wp:attachment":[{"href":"https:\/\/hotel-pyrenees.net\/index.php?rest_route=%2Fwp%2Fv2%2Fmedia&parent=2255"}],"curies":[{"name":"wp","href":"https:\/\/api.w.org\/{rel}","templated":true}]}}